{"id":2,"date":"2023-07-18T07:35:50","date_gmt":"2023-07-18T07:35:50","guid":{"rendered":"https:\/\/enviosclero.archimadrid.com\/?page_id=2"},"modified":"2024-04-02T14:46:45","modified_gmt":"2024-04-02T14:46:45","slug":"sample-page","status":"publish","type":"page","link":"https:\/\/enviosclero.archimadrid.com\/","title":{"rendered":"Suscribete"},"content":{"rendered":"<p>[et_pb_section fb_built=\u00bb1&#8243; admin_label=\u00bbEmail Subscribe\u00bb _builder_version=\u00bb4.24.2&#8243; use_background_color_gradient=\u00bbon\u00bb background_color_gradient_stops=\u00bbrgba(76,72,227,0.96) 0%|rgba(0,51,219,0.13) 100%\u00bb background_color_gradient_overlays_image=\u00bbon\u00bb background_color_gradient_start=\u00bbrgba(76,72,227,0.96)\u00bb background_color_gradient_end=\u00bbrgba(73,108,220,0.93)\u00bb background_image=\u00bbhttps:\/\/enviosclero.archimadrid.com\/wp-content\/uploads\/2024\/03\/absideAlmudena.jpg\u00bb custom_padding=\u00bb90px||60px|\u00bb animation_style=\u00bbfold\u00bb animation_direction=\u00bbbottom\u00bb animation_intensity_fold=\u00bb4%\u00bb global_colors_info=\u00bb{}\u00bb][et_pb_row _builder_version=\u00bb4.16&#8243; background_size=\u00bbinitial\u00bb background_position=\u00bbtop_left\u00bb background_repeat=\u00bbrepeat\u00bb custom_width_px=\u00bb710px\u00bb global_colors_info=\u00bb{}\u00bb][et_pb_column type=\u00bb4_4&#8243; _builder_version=\u00bb4.16&#8243; background_position=\u00bbtop_left\u00bb custom_padding=\u00bb|||\u00bb global_colors_info=\u00bb{}\u00bb custom_padding__hover=\u00bb|||\u00bb][et_pb_divider color=\u00bb#ffffff\u00bb divider_weight=\u00bb3px\u00bb disabled_on=\u00bboff|off|off\u00bb _builder_version=\u00bb4.16&#8243; background_color_gradient_direction=\u00bb90deg\u00bb max_width=\u00bb100px\u00bb module_alignment=\u00bbcenter\u00bb height=\u00bb5px\u00bb custom_margin=\u00bb||20px|\u00bb custom_padding=\u00bb||20px|\u00bb animation_style=\u00bbslide\u00bb animation_direction=\u00bbbottom\u00bb saved_tabs=\u00bball\u00bb locked=\u00bboff\u00bb global_colors_info=\u00bb{}\u00bb][\/et_pb_divider][et_pb_text admin_label=\u00bbRequest Section Title\u00bb _builder_version=\u00bb4.16&#8243; header_font=\u00bbMontserrat||||\u00bb header_font_size=\u00bb36px\u00bb text_orientation=\u00bbcenter\u00bb background_layout=\u00bbdark\u00bb max_width=\u00bb710px\u00bb module_alignment=\u00bbcenter\u00bb animation_style=\u00bbfold\u00bb animation_direction=\u00bbbottom\u00bb animation_intensity_fold=\u00bb20%\u00bb global_colors_info=\u00bb{}\u00bb]<\/p>\n<h1>Vicar\u00eda Episcopal para el Clero<\/h1>\n<p>[\/et_pb_text][et_pb_text admin_label=\u00bbRequest Section Subtitle\u00bb _builder_version=\u00bb4.24.2&#8243; text_font_size=\u00bb16px\u00bb text_line_height=\u00bb1.9em\u00bb background_size=\u00bbinitial\u00bb background_position=\u00bbtop_left\u00bb background_repeat=\u00bbrepeat\u00bb text_orientation=\u00bbcenter\u00bb background_layout=\u00bbdark\u00bb max_width=\u00bb710px\u00bb module_alignment=\u00bbcenter\u00bb custom_padding=\u00bb||0px|||\u00bb animation_style=\u00bbfold\u00bb animation_direction=\u00bbbottom\u00bb animation_intensity_fold=\u00bb20%\u00bb global_colors_info=\u00bb{}\u00bb]<\/p>\n<p>Suscr\u00edbete a las noticias de la Vicar\u00eda del Clero<\/p>\n<p>[\/et_pb_text][\/et_pb_column][\/et_pb_row][et_pb_row column_structure=\u00bb1_4,1_2,1_4&#8243; _builder_version=\u00bb4.16&#8243; background_size=\u00bbinitial\u00bb background_position=\u00bbtop_left\u00bb background_repeat=\u00bbrepeat\u00bb custom_padding=\u00bb|||\u00bb global_colors_info=\u00bb{}\u00bb][et_pb_column type=\u00bb1_4&#8243; _builder_version=\u00bb4.16&#8243; background_position=\u00bbtop_left\u00bb custom_padding=\u00bb|||\u00bb global_colors_info=\u00bb{}\u00bb custom_padding__hover=\u00bb|||\u00bb][\/et_pb_column][et_pb_column type=\u00bb1_2&#8243; _builder_version=\u00bb4.16&#8243; custom_padding=\u00bb|||\u00bb global_colors_info=\u00bb{}\u00bb custom_padding__hover=\u00bb|||\u00bb][et_pb_code _builder_version=\u00bb4.24.2&#8243; _module_preset=\u00bbdefault\u00bb global_colors_info=\u00bb{}\u00bb]<div id=\"acym_fulldiv_formAcym1\" class=\"acym__subscription__form__shortcode acym__subscription__form-erase\">\n    <form action=\"https:\/\/enviosclero.archimadrid.com\/index.php?page=acymailing_front&ctrl=frontusers&noheader=1\" id=\"formAcym1\" name=\"formAcym1\" enctype=\"multipart\/form-data\" onsubmit=\"return submitAcymForm('subscribe','formAcym1', 'acymSubmitSubForm')\"><div class=\"acym__subscription__form__fields\">\n    <div class=\"onefield fieldacy1 acyfield_text\" id=\"field_1\"><input autocomplete=\"name\"  name=\"user[name]\" placeholder=\"Nombre\" aria-label=\"Nombre\" value=\"\" data-authorized-content=\"{&quot;0&quot;:&quot;all&quot;,&quot;regex&quot;:&quot;&quot;,&quot;message&quot;:&quot;Valor incorrecto para el campo Nombre&quot;}\" type=\"text\" class=\"cell\"><div class=\"acym__field__error__block\" data-acym-field-id=\"1\"><\/div><\/div><div class=\"onefield fieldacy2 acyfield_text\" id=\"field_2\"><input autocomplete=\"email\" id=\"email_field_460\"  name=\"user[email]\" placeholder=\"Correo electr\u00f3nico\" aria-label=\"Correo electr\u00f3nico\" value=\"\" data-authorized-content=\"{&quot;0&quot;:&quot;all&quot;,&quot;regex&quot;:&quot;&quot;,&quot;message&quot;:&quot;Valor incorrecto para el campo Correo electr\\u00f3nico&quot;}\" required type=\"email\" class=\"cell acym__user__edit__email\"><div class=\"acym__field__error__block\" data-acym-field-id=\"2\"><\/div><\/div><div class=\"acym__subscription__form__lists\">\n    <input type=\"hidden\" name=\"hiddenlists\" value=\"1\">\t<style>\n\t\t#acym_fulldiv_formAcym1 .acym__subscription__form__fields .acym__subscription__form__lists{\n\t\t\tdisplay: inline-block;\n\t\t\twidth: auto;\n\t\t\tmargin: 0 20px;\n\t\t\ttext-align: left;\n\t\t}\n\n\t\t#acym_fulldiv_formAcym1 .acym__subscription__form__fields .acym__subscription__form__lists label{\n\t\t\tdisplay: inline-block;\n\t\t\tmargin-right: 10px;\n\t\t\twidth: auto;\n\t\t}\n\n\t\t#acym_fulldiv_formAcym1 .acym__subscription__form__fields .acym__subscription__form__lists input[type=\"checkbox\"]{\n\t\t\tmargin-top: 0 !important;\n\t\t\tmargin-right: 5px;\n\t\t}\n\t<\/style>\n<\/div>\n\t<style>\n\t\t#acym_fulldiv_formAcym1 .acym__subscription__form__fields{\n\t\t\tdisplay: flex;\n\t\t\tjustify-content: center;\n\t\t\talign-items: center\n\t\t}\n\n\t\t#acym_fulldiv_formAcym1 .acym__subscription__form__fields > *{\n\t\t\tmargin: 10px auto !important;\n\t\t}\n\n\t\t#acym_fulldiv_formAcym1 .acym__subscription__form__fields .onefield{\n\t\t\twidth: 100%;\n\t\t\tbox-sizing: border-box\n\t\t}\n\n\t\t#acym_fulldiv_formAcym1 .acym__subscription__form__fields .onefield input:not([type=\"radio\"]):not([type=\"checkbox\"]):not([type=\"hidden\"]),\n\t\t#acym_fulldiv_formAcym1 .acym__subscription__form__fields .onefield select,\n\t\t#acym_fulldiv_formAcym1 .acym__subscription__form__fields .onefield textarea{\n\t\t\tdisplay: block;\n\t\t\twidth: 65%;\n\t\t\tmargin-left: auto;\n\t\t\tmargin-right: auto;\n\t\t\tmargin-bottom: 1rem;\n\t\t\tbox-sizing: border-box\n\t\t}\n\n\t\t@media screen and (max-width: 768px){\n\t\t\t#acym_fulldiv_formAcym1 .acym__subscription__form__fields .onefield input:not([type=\"radio\"]):not([type=\"checkbox\"]):not([type=\"hidden\"]),\n\t\t\t#acym_fulldiv_formAcym1 .acym__subscription__form__fields .onefield select,\n\t\t\t#acym_fulldiv_formAcym1 .acym__subscription__form__fields .onefield textarea{\n\t\t\t\twidth: 100%\n\t\t\t}\n\t\t}\n\t<\/style>\n<\/div>\n<div class=\"acym__subscription__form__button\">\n    \t<button type=\"submit\">\n        Suscribirse\t<\/button>\n\t<style>\n\t\t#acym_fulldiv_formAcym1 .acym__subscription__form__button{\n\t\t\tdisplay: flex;\n\t\t\tjustify-content: center;\n\t\t\talign-items: center\n\t\t}\n\n\t\t#acym_fulldiv_formAcym1 .acym__subscription__form__button button{\n\t\t\tbackground-color: #000000;\n\t\t\tcolor: #ffffff;\n\t\t\tborder-width: 0px;\n\t\t\tborder-style: solid;\n\t\t\tborder-color: #000000;\n\t\t\tborder-radius: 0px;\n\t\t\tpadding: 10px 20px;\n\t\t}\n\t<\/style>\n<\/div>\n<input type=\"hidden\" name=\"ctrl\" value=\"frontusers\" \/>\n<input type=\"hidden\" name=\"task\" value=\"notask\" \/>\n<input type=\"hidden\" name=\"page\" value=\"acymailing_front\" \/>\n<input type=\"hidden\" name=\"option\" value=\"acymailing\" \/>\n<input type=\"hidden\" name=\"acy_source\" value=\"Form ID 1\">\n<input type=\"hidden\" name=\"acyformname\" value=\"formAcym1\">\n<input type=\"hidden\" name=\"acymformtype\" value=\"shortcode\">\n<input type=\"hidden\" name=\"acysubmode\" value=\"form_acym\">\n\n<input type=\"hidden\" name=\"redirect\" value=\"\">\n<input type=\"hidden\" name=\"ajax\" value=\"1\">\n<input type=\"hidden\"\n\t   name=\"confirmation_message\"\n\t   value=\"\">\n\t<\/form>\n<\/div>\n<style>\n\t#acym_fulldiv_formAcym1.acym__subscription__form__shortcode{\n\t\theight: 300px;\n\t\tmax-width: 400px;\n\t\tbackground-color: #dbe7f7;\n\t\tcolor: #000000 !important;\n\t\tpadding: .5rem;\n\t\ttext-align: center;\n\t\tdisplay: flex;\n\t\tjustify-content: center;\n\t\talign-items: center;\n\t\tmargin: 1rem auto;\n\t}\n\n\t#acym_fulldiv_formAcym1.acym__subscription__form__shortcode .responseContainer{\n\t\tmargin-bottom: 0 !important;\n\t\tpadding: .4rem !important;\n\t}\n\n\t#acym_fulldiv_formAcym1.acym__subscription__form__shortcode #formAcym1{\n\t\tmargin: 0;\n\t}\n\n\t#acym_fulldiv_formAcym1.acym__subscription__form__shortcode .acym__subscription__form__fields, #acym_fulldiv_formAcym1.acym__subscription__form__shortcode .acym__subscription__form__button{\n\t\tdisplay: block;\n\t\twidth: 100%;\n\t\tmargin: 1rem 0 !important;\n\t}\n\n\t#acym_fulldiv_formAcym1.acym__subscription__form__shortcode .acym__subscription__form__fields .acym__subscription__form__lists{\n\t\tdisplay: block;\n\t\twidth: 100%;\n\t\tmargin: 1rem 10px !important;\n\t}\n\n\t#acym_fulldiv_formAcym1.acym__subscription__form__shortcode .acym__subscription__form__fields > *:not(style){\n\t\tdisplay: block;\n\t}\n\n\t<\/style>\n[\/et_pb_code][\/et_pb_column][et_pb_column type=\u00bb1_4&#8243; _builder_version=\u00bb4.16&#8243; custom_padding=\u00bb|||\u00bb global_colors_info=\u00bb{}\u00bb custom_padding__hover=\u00bb|||\u00bb][\/et_pb_column][\/et_pb_row][\/et_pb_section]<\/p>\n","protected":false},"excerpt":{"rendered":"<p>Vicar\u00eda Episcopal para el CleroSuscr\u00edbete a las noticias de la Vicar\u00eda del Clero<div id=\"acym_fulldiv_formAcym1\" class=\"acym__subscription__form__shortcode acym__subscription__form-erase\">\n    <form action=\"https:\/\/enviosclero.archimadrid.com\/index.php?page=acymailing_front&ctrl=frontusers&noheader=1\" id=\"formAcym1\" name=\"formAcym1\" enctype=\"multipart\/form-data\" onsubmit=\"return submitAcymForm('subscribe','formAcym1', 'acymSubmitSubForm')\"><div class=\"acym__subscription__form__fields\">\n    <div class=\"onefield fieldacy1 acyfield_text\" id=\"field_1\"><input autocomplete=\"name\"  name=\"user[name]\" placeholder=\"Nombre\" aria-label=\"Nombre\" value=\"\" data-authorized-content=\"{&quot;0&quot;:&quot;all&quot;,&quot;regex&quot;:&quot;&quot;,&quot;message&quot;:&quot;Valor incorrecto para el campo Nombre&quot;}\" type=\"text\" class=\"cell\"><div class=\"acym__field__error__block\" data-acym-field-id=\"1\"><\/div><\/div><div class=\"onefield fieldacy2 acyfield_text\" id=\"field_2\"><input autocomplete=\"email\" id=\"email_field_273\"  name=\"user[email]\" placeholder=\"Correo electr\u00f3nico\" aria-label=\"Correo electr\u00f3nico\" value=\"\" data-authorized-content=\"{&quot;0&quot;:&quot;all&quot;,&quot;regex&quot;:&quot;&quot;,&quot;message&quot;:&quot;Valor incorrecto para el campo Correo electr\\u00f3nico&quot;}\" required type=\"email\" class=\"cell acym__user__edit__email\"><div class=\"acym__field__error__block\" data-acym-field-id=\"2\"><\/div><\/div><div class=\"acym__subscription__form__lists\">\n    <input type=\"hidden\" name=\"hiddenlists\" value=\"1\">\t<style>\n\t\t#acym_fulldiv_formAcym1 .acym__subscription__form__fields .acym__subscription__form__lists{\n\t\t\tdisplay: inline-block;\n\t\t\twidth: auto;\n\t\t\tmargin: 0 20px;\n\t\t\ttext-align: left;\n\t\t}\n\n\t\t#acym_fulldiv_formAcym1 .acym__subscription__form__fields .acym__subscription__form__lists label{\n\t\t\tdisplay: inline-block;\n\t\t\tmargin-right: 10px;\n\t\t\twidth: auto;\n\t\t}\n\n\t\t#acym_fulldiv_formAcym1 .acym__subscription__form__fields .acym__subscription__form__lists input[type=\"checkbox\"]{\n\t\t\tmargin-top: 0 !important;\n\t\t\tmargin-right: 5px;\n\t\t}\n\t<\/style>\n<\/div>\n\t<style>\n\t\t#acym_fulldiv_formAcym1 .acym__subscription__form__fields{\n\t\t\tdisplay: flex;\n\t\t\tjustify-content: center;\n\t\t\talign-items: center\n\t\t}\n\n\t\t#acym_fulldiv_formAcym1 .acym__subscription__form__fields > *{\n\t\t\tmargin: 10px auto !important;\n\t\t}\n\n\t\t#acym_fulldiv_formAcym1 .acym__subscription__form__fields .onefield{\n\t\t\twidth: 100%;\n\t\t\tbox-sizing: border-box\n\t\t}\n\n\t\t#acym_fulldiv_formAcym1 .acym__subscription__form__fields .onefield input:not([type=\"radio\"]):not([type=\"checkbox\"]):not([type=\"hidden\"]),\n\t\t#acym_fulldiv_formAcym1 .acym__subscription__form__fields .onefield select,\n\t\t#acym_fulldiv_formAcym1 .acym__subscription__form__fields .onefield textarea{\n\t\t\tdisplay: block;\n\t\t\twidth: 65%;\n\t\t\tmargin-left: auto;\n\t\t\tmargin-right: auto;\n\t\t\tmargin-bottom: 1rem;\n\t\t\tbox-sizing: border-box\n\t\t}\n\n\t\t@media screen and (max-width: 768px){\n\t\t\t#acym_fulldiv_formAcym1 .acym__subscription__form__fields .onefield input:not([type=\"radio\"]):not([type=\"checkbox\"]):not([type=\"hidden\"]),\n\t\t\t#acym_fulldiv_formAcym1 .acym__subscription__form__fields .onefield select,\n\t\t\t#acym_fulldiv_formAcym1 .acym__subscription__form__fields .onefield textarea{\n\t\t\t\twidth: 100%\n\t\t\t}\n\t\t}\n\t<\/style>\n<\/div>\n<div class=\"acym__subscription__form__button\">\n    \t<button type=\"submit\">\n        Suscribirse\t<\/button>\n\t<style>\n\t\t#acym_fulldiv_formAcym1 .acym__subscription__form__button{\n\t\t\tdisplay: flex;\n\t\t\tjustify-content: center;\n\t\t\talign-items: center\n\t\t}\n\n\t\t#acym_fulldiv_formAcym1 .acym__subscription__form__button button{\n\t\t\tbackground-color: #000000;\n\t\t\tcolor: #ffffff;\n\t\t\tborder-width: 0px;\n\t\t\tborder-style: solid;\n\t\t\tborder-color: #000000;\n\t\t\tborder-radius: 0px;\n\t\t\tpadding: 10px 20px;\n\t\t}\n\t<\/style>\n<\/div>\n<input type=\"hidden\" name=\"ctrl\" value=\"frontusers\" \/>\n<input type=\"hidden\" name=\"task\" value=\"notask\" \/>\n<input type=\"hidden\" name=\"page\" value=\"acymailing_front\" \/>\n<input type=\"hidden\" name=\"option\" value=\"acymailing\" \/>\n<input type=\"hidden\" name=\"acy_source\" value=\"Form ID 1\">\n<input type=\"hidden\" name=\"acyformname\" value=\"formAcym1\">\n<input type=\"hidden\" name=\"acymformtype\" value=\"shortcode\">\n<input type=\"hidden\" name=\"acysubmode\" value=\"form_acym\">\n\n<input type=\"hidden\" name=\"redirect\" value=\"\">\n<input type=\"hidden\" name=\"ajax\" value=\"1\">\n<input type=\"hidden\"\n\t   name=\"confirmation_message\"\n\t   value=\"\">\n\t<\/form>\n<\/div>\n<style>\n\t#acym_fulldiv_formAcym1.acym__subscription__form__shortcode{\n\t\theight: 300px;\n\t\tmax-width: 400px;\n\t\tbackground-color: #dbe7f7;\n\t\tcolor: #000000 !important;\n\t\tpadding: .5rem;\n\t\ttext-align: center;\n\t\tdisplay: flex;\n\t\tjustify-content: center;\n\t\talign-items: center;\n\t\tmargin: 1rem auto;\n\t}\n\n\t#acym_fulldiv_formAcym1.acym__subscription__form__shortcode .responseContainer{\n\t\tmargin-bottom: 0 !important;\n\t\tpadding: .4rem !important;\n\t}\n\n\t#acym_fulldiv_formAcym1.acym__subscription__form__shortcode #formAcym1{\n\t\tmargin: 0;\n\t}\n\n\t#acym_fulldiv_formAcym1.acym__subscription__form__shortcode .acym__subscription__form__fields, #acym_fulldiv_formAcym1.acym__subscription__form__shortcode .acym__subscription__form__button{\n\t\tdisplay: block;\n\t\twidth: 100%;\n\t\tmargin: 1rem 0 !important;\n\t}\n\n\t#acym_fulldiv_formAcym1.acym__subscription__form__shortcode .acym__subscription__form__fields .acym__subscription__form__lists{\n\t\tdisplay: block;\n\t\twidth: 100%;\n\t\tmargin: 1rem 10px !important;\n\t}\n\n\t#acym_fulldiv_formAcym1.acym__subscription__form__shortcode .acym__subscription__form__fields > *:not(style){\n\t\tdisplay: block;\n\t}\n\n\t<\/style>\n<\/p>\n","protected":false},"author":1,"featured_media":0,"parent":0,"menu_order":0,"comment_status":"closed","ping_status":"closed","template":"","meta":{"_et_pb_use_builder":"on","_et_pb_old_content":"<!-- wp:paragraph -->\r\n<p>This is an example page. It's different from a blog post because it will stay in one place and will show up in your site navigation (in most themes). Most people start with an About page that introduces them to potential site visitors. It might say something like this:<\/p>\r\n<!-- \/wp:paragraph --><!-- wp:quote -->\r\n<blockquote class=\"wp-block-quote\">\r\n<p>Hi there! I'm a bike messenger by day, aspiring actor by night, and this is my website. I live in Los Angeles, have a great dog named Jack, and I like pi\u00f1a coladas. (And gettin' caught in the rain.)<\/p>\r\n<\/blockquote>\r\n<!-- \/wp:quote --><!-- wp:paragraph -->\r\n<p>...or something like this:<\/p>\r\n<!-- \/wp:paragraph --><!-- wp:quote -->\r\n<blockquote class=\"wp-block-quote\">\r\n<p>The XYZ Doohickey Company was founded in 1971, and has been providing quality doohickeys to the public ever since. Located in Gotham City, XYZ employs over 2,000 people and does all kinds of awesome things for the Gotham community.<\/p>\r\n<\/blockquote>\r\n<!-- \/wp:quote --><!-- wp:paragraph -->\r\n<p>As a new WordPress user, you should go to <a href=\"https:\/\/enviosclero.archimadrid.com\/wp-admin\/\">your dashboard<\/a> to delete this page and create new pages for your content. Have fun!<\/p>\r\n<!-- \/wp:paragraph -->","_et_gb_content_width":"","footnotes":""},"class_list":["post-2","page","type-page","status-publish","hentry"],"_links":{"self":[{"href":"https:\/\/enviosclero.archimadrid.com\/index.php?rest_route=\/wp\/v2\/pages\/2","targetHints":{"allow":["GET"]}}],"collection":[{"href":"https:\/\/enviosclero.archimadrid.com\/index.php?rest_route=\/wp\/v2\/pages"}],"about":[{"href":"https:\/\/enviosclero.archimadrid.com\/index.php?rest_route=\/wp\/v2\/types\/page"}],"author":[{"embeddable":true,"href":"https:\/\/enviosclero.archimadrid.com\/index.php?rest_route=\/wp\/v2\/users\/1"}],"replies":[{"embeddable":true,"href":"https:\/\/enviosclero.archimadrid.com\/index.php?rest_route=%2Fwp%2Fv2%2Fcomments&post=2"}],"version-history":[{"count":10,"href":"https:\/\/enviosclero.archimadrid.com\/index.php?rest_route=\/wp\/v2\/pages\/2\/revisions"}],"predecessor-version":[{"id":127,"href":"https:\/\/enviosclero.archimadrid.com\/index.php?rest_route=\/wp\/v2\/pages\/2\/revisions\/127"}],"wp:attachment":[{"href":"https:\/\/enviosclero.archimadrid.com\/index.php?rest_route=%2Fwp%2Fv2%2Fmedia&parent=2"}],"curies":[{"name":"wp","href":"https:\/\/api.w.org\/{rel}","templated":true}]}}